{"id":436,"date":"2023-06-03T17:27:27","date_gmt":"2023-06-03T20:27:27","guid":{"rendered":"https:\/\/actdriver.com.br\/?page_id=436"},"modified":"2023-06-03T17:37:09","modified_gmt":"2023-06-03T20:37:09","slug":"excluir","status":"publish","type":"page","link":"https:\/\/actdriver.com.br\/en\/excluir\/","title":{"rendered":"Data Deletion"},"content":{"rendered":"<p>Request the deletion of data from the ACTDRIVER application using the form below.<\/p>\n\n\n\n<div class=\"wp-block-contact-form-7-contact-form-selector\">\n<div class=\"wpcf7 no-js\" id=\"wpcf7-f435-o1\" lang=\"pt-BR\" dir=\"ltr\" data-wpcf7-id=\"435\">\n<div class=\"screen-reader-response\"><p role=\"status\" aria-live=\"polite\" aria-atomic=\"true\"><\/p> <ul><\/ul><\/div>\n<form action=\"\/en\/wp-json\/wp\/v2\/pages\/436#wpcf7-f435-o1\" method=\"post\" class=\"wpcf7-form init\" aria-label=\"Contact forms\" novalidate=\"novalidate\" data-status=\"init\" data-trp-original-action=\"\/en\/wp-json\/wp\/v2\/pages\/436#wpcf7-f435-o1\">\n<fieldset class=\"hidden-fields-container\"><input type=\"hidden\" name=\"_wpcf7\" value=\"435\" \/><input type=\"hidden\" name=\"_wpcf7_version\" value=\"6.1.5\" \/><input type=\"hidden\" name=\"_wpcf7_locale\" value=\"pt_BR\" \/><input type=\"hidden\" name=\"_wpcf7_unit_tag\" value=\"wpcf7-f435-o1\" \/><input type=\"hidden\" name=\"_wpcf7_container_post\" value=\"0\" \/><input type=\"hidden\" name=\"_wpcf7_posted_data_hash\" value=\"\" \/><input type=\"hidden\" name=\"_wpcf7_recaptcha_response\" value=\"\" \/>\n<\/fieldset>\n<p><label> Your full name<br \/>\n<span class=\"wpcf7-form-control-wrap\" data-name=\"your-name\"><input size=\"40\" maxlength=\"400\" class=\"wpcf7-form-control wpcf7-text wpcf7-validates-as-required\" autocomplete=\"name\" aria-required=\"true\" aria-invalid=\"false\" value=\"\" type=\"text\" name=\"your-name\" \/><\/span> <\/label>\n<\/p>\n<p><label> Your email<br \/>\n<span class=\"wpcf7-form-control-wrap\" data-name=\"your-email\"><input size=\"40\" maxlength=\"400\" class=\"wpcf7-form-control wpcf7-email wpcf7-validates-as-required wpcf7-text wpcf7-validates-as-email\" autocomplete=\"email\" aria-required=\"true\" aria-invalid=\"false\" value=\"\" type=\"email\" name=\"your-email\" \/><\/span> <\/label>\n<\/p>\n<p><label> Your CPF<br \/>\n<span class=\"wpcf7-form-control-wrap\" data-name=\"cpf\"><input size=\"40\" maxlength=\"400\" class=\"wpcf7-form-control wpcf7-text wpcf7-validates-as-required\" autocomplete=\"cpf\" aria-required=\"true\" aria-invalid=\"false\" value=\"\" type=\"text\" name=\"cpf\" \/><\/span> <\/label>\n<\/p>\n<p><label> Subject<br \/>\n<span class=\"wpcf7-form-control-wrap\" data-name=\"your-subject\"><input size=\"40\" maxlength=\"400\" class=\"wpcf7-form-control wpcf7-text wpcf7-validates-as-required\" aria-required=\"true\" aria-invalid=\"false\" value=\"\" type=\"text\" name=\"your-subject\" \/><\/span> <\/label>\n<\/p>\n<p><label> Your message (optional)<br \/>\n<span class=\"wpcf7-form-control-wrap\" data-name=\"your-message\"><textarea cols=\"40\" rows=\"10\" maxlength=\"2000\" class=\"wpcf7-form-control wpcf7-textarea\" aria-invalid=\"false\" name=\"your-message\"><\/textarea><\/span> <\/label>\n<\/p>\n<p><input class=\"wpcf7-form-control wpcf7-submit has-spinner\" type=\"submit\" value=\"To send\" \/>\n<\/p><div class=\"wpcf7-response-output\" aria-hidden=\"true\"><\/div>\n<input type=\"hidden\" name=\"trp-form-language\" value=\"en\"\/><\/form>\n<\/div>\n<\/div>\n\n\n\n<p><\/p>","protected":false},"excerpt":{"rendered":"<p>Request the deletion of data from the ACTDRIVER application using the form below.<\/p>","protected":false},"author":1,"featured_media":379,"parent":0,"menu_order":0,"comment_status":"closed","ping_status":"closed","template":"","meta":{"footnotes":""},"class_list":["post-436","page","type-page","status-publish","has-post-thumbnail","hentry"],"yoast_head":"<!-- This site is optimized with the Yoast SEO plugin v27.4 - https:\/\/yoast.com\/product\/yoast-seo-wordpress\/ -->\n<title>Exclus\u00e3o de Dados - ACTDRIVER<\/title>\n<meta name=\"robots\" content=\"index, follow, max-snippet:-1, max-image-preview:large, max-video-preview:-1\" \/>\n<link rel=\"canonical\" href=\"https:\/\/actdriver.com.br\/en\/excluir\/\" \/>\n<meta property=\"og:locale\" content=\"en_US\" \/>\n<meta property=\"og:type\" content=\"article\" \/>\n<meta property=\"og:title\" content=\"Exclus\u00e3o de Dados - ACTDRIVER\" \/>\n<meta property=\"og:description\" content=\"Solicite a exclus\u00e3o de dados do aplicativo ACTDRIVER atrav\u00e9s do formul\u00e1rio abaixo.\" \/>\n<meta property=\"og:url\" content=\"https:\/\/actdriver.com.br\/en\/excluir\/\" \/>\n<meta property=\"og:site_name\" content=\"ACTDRIVER\" \/>\n<meta property=\"article:modified_time\" content=\"2023-06-03T20:37:09+00:00\" \/>\n<meta property=\"og:image\" content=\"https:\/\/actdriver.com.br\/wp-content\/uploads\/2023\/03\/aplicativo-nas-suas-maos-actdriver.jpg\" \/>\n\t<meta property=\"og:image:width\" content=\"1920\" \/>\n\t<meta property=\"og:image:height\" content=\"1263\" \/>\n\t<meta property=\"og:image:type\" content=\"image\/jpeg\" \/>\n<meta name=\"twitter:card\" content=\"summary_large_image\" \/>\n<script type=\"application\/ld+json\" class=\"yoast-schema-graph\">{\"@context\":\"https:\\\/\\\/schema.org\",\"@graph\":[{\"@type\":\"WebPage\",\"@id\":\"https:\\\/\\\/actdriver.com.br\\\/excluir\\\/\",\"url\":\"https:\\\/\\\/actdriver.com.br\\\/excluir\\\/\",\"name\":\"Exclus\u00e3o de Dados - ACTDRIVER\",\"isPartOf\":{\"@id\":\"https:\\\/\\\/actdriver.com.br\\\/#website\"},\"primaryImageOfPage\":{\"@id\":\"https:\\\/\\\/actdriver.com.br\\\/excluir\\\/#primaryimage\"},\"image\":{\"@id\":\"https:\\\/\\\/actdriver.com.br\\\/excluir\\\/#primaryimage\"},\"thumbnailUrl\":\"https:\\\/\\\/actdriver.com.br\\\/wp-content\\\/uploads\\\/2023\\\/03\\\/aplicativo-nas-suas-maos-actdriver.jpg\",\"datePublished\":\"2023-06-03T20:27:27+00:00\",\"dateModified\":\"2023-06-03T20:37:09+00:00\",\"breadcrumb\":{\"@id\":\"https:\\\/\\\/actdriver.com.br\\\/excluir\\\/#breadcrumb\"},\"inLanguage\":\"en-US\",\"potentialAction\":[{\"@type\":\"ReadAction\",\"target\":[\"https:\\\/\\\/actdriver.com.br\\\/excluir\\\/\"]}]},{\"@type\":\"ImageObject\",\"inLanguage\":\"en-US\",\"@id\":\"https:\\\/\\\/actdriver.com.br\\\/excluir\\\/#primaryimage\",\"url\":\"https:\\\/\\\/actdriver.com.br\\\/wp-content\\\/uploads\\\/2023\\\/03\\\/aplicativo-nas-suas-maos-actdriver.jpg\",\"contentUrl\":\"https:\\\/\\\/actdriver.com.br\\\/wp-content\\\/uploads\\\/2023\\\/03\\\/aplicativo-nas-suas-maos-actdriver.jpg\",\"width\":1920,\"height\":1263},{\"@type\":\"BreadcrumbList\",\"@id\":\"https:\\\/\\\/actdriver.com.br\\\/excluir\\\/#breadcrumb\",\"itemListElement\":[{\"@type\":\"ListItem\",\"position\":1,\"name\":\"In\u00edcio\",\"item\":\"https:\\\/\\\/actdriver.com.br\\\/\"},{\"@type\":\"ListItem\",\"position\":2,\"name\":\"Exclus\u00e3o de Dados\"}]},{\"@type\":\"WebSite\",\"@id\":\"https:\\\/\\\/actdriver.com.br\\\/#website\",\"url\":\"https:\\\/\\\/actdriver.com.br\\\/\",\"name\":\"ACTDRIVER\",\"description\":\"Sistemas Web e Aplicativos\",\"publisher\":{\"@id\":\"https:\\\/\\\/actdriver.com.br\\\/#organization\"},\"potentialAction\":[{\"@type\":\"SearchAction\",\"target\":{\"@type\":\"EntryPoint\",\"urlTemplate\":\"https:\\\/\\\/actdriver.com.br\\\/?s={search_term_string}\"},\"query-input\":{\"@type\":\"PropertyValueSpecification\",\"valueRequired\":true,\"valueName\":\"search_term_string\"}}],\"inLanguage\":\"en-US\"},{\"@type\":\"Organization\",\"@id\":\"https:\\\/\\\/actdriver.com.br\\\/#organization\",\"name\":\"ACTDRIVER\",\"alternateName\":\"ACTDRIVER TECNOLOGIA\",\"url\":\"https:\\\/\\\/actdriver.com.br\\\/\",\"logo\":{\"@type\":\"ImageObject\",\"inLanguage\":\"en-US\",\"@id\":\"https:\\\/\\\/actdriver.com.br\\\/#\\\/schema\\\/logo\\\/image\\\/\",\"url\":\"https:\\\/\\\/actdriver.com.br\\\/wp-content\\\/uploads\\\/2023\\\/12\\\/ICONE-2.png\",\"contentUrl\":\"https:\\\/\\\/actdriver.com.br\\\/wp-content\\\/uploads\\\/2023\\\/12\\\/ICONE-2.png\",\"width\":1024,\"height\":1024,\"caption\":\"ACTDRIVER\"},\"image\":{\"@id\":\"https:\\\/\\\/actdriver.com.br\\\/#\\\/schema\\\/logo\\\/image\\\/\"},\"sameAs\":[\"https:\\\/\\\/www.instagram.com\\\/actdriverapp\\\/\"]}]}<\/script>\n<!-- \/ Yoast SEO plugin. -->","yoast_head_json":{"title":"Exclus\u00e3o de Dados - ACTDRIVER","robots":{"index":"index","follow":"follow","max-snippet":"max-snippet:-1","max-image-preview":"max-image-preview:large","max-video-preview":"max-video-preview:-1"},"canonical":"https:\/\/actdriver.com.br\/en\/excluir\/","og_locale":"en_US","og_type":"article","og_title":"Exclus\u00e3o de Dados - ACTDRIVER","og_description":"Solicite a exclus\u00e3o de dados do aplicativo ACTDRIVER atrav\u00e9s do formul\u00e1rio abaixo.","og_url":"https:\/\/actdriver.com.br\/en\/excluir\/","og_site_name":"ACTDRIVER","article_modified_time":"2023-06-03T20:37:09+00:00","og_image":[{"width":1920,"height":1263,"url":"https:\/\/actdriver.com.br\/wp-content\/uploads\/2023\/03\/aplicativo-nas-suas-maos-actdriver.jpg","type":"image\/jpeg"}],"twitter_card":"summary_large_image","schema":{"@context":"https:\/\/schema.org","@graph":[{"@type":"WebPage","@id":"https:\/\/actdriver.com.br\/excluir\/","url":"https:\/\/actdriver.com.br\/excluir\/","name":"Exclus\u00e3o de Dados - ACTDRIVER","isPartOf":{"@id":"https:\/\/actdriver.com.br\/#website"},"primaryImageOfPage":{"@id":"https:\/\/actdriver.com.br\/excluir\/#primaryimage"},"image":{"@id":"https:\/\/actdriver.com.br\/excluir\/#primaryimage"},"thumbnailUrl":"https:\/\/actdriver.com.br\/wp-content\/uploads\/2023\/03\/aplicativo-nas-suas-maos-actdriver.jpg","datePublished":"2023-06-03T20:27:27+00:00","dateModified":"2023-06-03T20:37:09+00:00","breadcrumb":{"@id":"https:\/\/actdriver.com.br\/excluir\/#breadcrumb"},"inLanguage":"en-US","potentialAction":[{"@type":"ReadAction","target":["https:\/\/actdriver.com.br\/excluir\/"]}]},{"@type":"ImageObject","inLanguage":"en-US","@id":"https:\/\/actdriver.com.br\/excluir\/#primaryimage","url":"https:\/\/actdriver.com.br\/wp-content\/uploads\/2023\/03\/aplicativo-nas-suas-maos-actdriver.jpg","contentUrl":"https:\/\/actdriver.com.br\/wp-content\/uploads\/2023\/03\/aplicativo-nas-suas-maos-actdriver.jpg","width":1920,"height":1263},{"@type":"BreadcrumbList","@id":"https:\/\/actdriver.com.br\/excluir\/#breadcrumb","itemListElement":[{"@type":"ListItem","position":1,"name":"In\u00edcio","item":"https:\/\/actdriver.com.br\/"},{"@type":"ListItem","position":2,"name":"Exclus\u00e3o de Dados"}]},{"@type":"WebSite","@id":"https:\/\/actdriver.com.br\/#website","url":"https:\/\/actdriver.com.br\/","name":"ACTDRIVER","description":"Web Systems and Applications","publisher":{"@id":"https:\/\/actdriver.com.br\/#organization"},"potentialAction":[{"@type":"SearchAction","target":{"@type":"EntryPoint","urlTemplate":"https:\/\/actdriver.com.br\/?s={search_term_string}"},"query-input":{"@type":"PropertyValueSpecification","valueRequired":true,"valueName":"search_term_string"}}],"inLanguage":"en-US"},{"@type":"Organization","@id":"https:\/\/actdriver.com.br\/#organization","name":"ACTDRIVER","alternateName":"ACTDRIVER TECNOLOGIA","url":"https:\/\/actdriver.com.br\/","logo":{"@type":"ImageObject","inLanguage":"en-US","@id":"https:\/\/actdriver.com.br\/#\/schema\/logo\/image\/","url":"https:\/\/actdriver.com.br\/wp-content\/uploads\/2023\/12\/ICONE-2.png","contentUrl":"https:\/\/actdriver.com.br\/wp-content\/uploads\/2023\/12\/ICONE-2.png","width":1024,"height":1024,"caption":"ACTDRIVER"},"image":{"@id":"https:\/\/actdriver.com.br\/#\/schema\/logo\/image\/"},"sameAs":["https:\/\/www.instagram.com\/actdriverapp\/"]}]}},"_links":{"self":[{"href":"https:\/\/actdriver.com.br\/en\/wp-json\/wp\/v2\/pages\/436","targetHints":{"allow":["GET"]}}],"collection":[{"href":"https:\/\/actdriver.com.br\/en\/wp-json\/wp\/v2\/pages"}],"about":[{"href":"https:\/\/actdriver.com.br\/en\/wp-json\/wp\/v2\/types\/page"}],"author":[{"embeddable":true,"href":"https:\/\/actdriver.com.br\/en\/wp-json\/wp\/v2\/users\/1"}],"replies":[{"embeddable":true,"href":"https:\/\/actdriver.com.br\/en\/wp-json\/wp\/v2\/comments?post=436"}],"version-history":[{"count":1,"href":"https:\/\/actdriver.com.br\/en\/wp-json\/wp\/v2\/pages\/436\/revisions"}],"predecessor-version":[{"id":437,"href":"https:\/\/actdriver.com.br\/en\/wp-json\/wp\/v2\/pages\/436\/revisions\/437"}],"wp:featuredmedia":[{"embeddable":true,"href":"https:\/\/actdriver.com.br\/en\/wp-json\/wp\/v2\/media\/379"}],"wp:attachment":[{"href":"https:\/\/actdriver.com.br\/en\/wp-json\/wp\/v2\/media?parent=436"}],"curies":[{"name":"wp","href":"https:\/\/api.w.org\/{rel}","templated":true}]}}