{"id":396,"date":"2023-03-25T10:52:04","date_gmt":"2023-03-25T13:52:04","guid":{"rendered":"https:\/\/actdriver.com.br\/?page_id=396"},"modified":"2023-06-03T17:43:54","modified_gmt":"2023-06-03T20:43:54","slug":"organizacao","status":"publish","type":"page","link":"https:\/\/actdriver.com.br\/en\/organizacao\/","title":{"rendered":"Organization"},"content":{"rendered":"<p>ACTDRIVER is an organization created to integrate small transport Associations and Cooperatives to online Urban Mobility systems, allowing any driver associated with these organizations to access the online application at the lowest possible cost.<\/p>\n\n\n\n<p>To partner with us, please contact us for more details.<\/p>","protected":false},"excerpt":{"rendered":"<p>ACTDRIVER is an organization created to integrate small transport associations and cooperatives into the online Urban Mobility systems, allowing any driver associated with these organizations to access the online application at the lowest possible cost. To become our partner, contact us for more details.<\/p>","protected":false},"author":1,"featured_media":353,"parent":0,"menu_order":0,"comment_status":"closed","ping_status":"closed","template":"","meta":{"footnotes":""},"class_list":["post-396","page","type-page","status-publish","has-post-thumbnail","hentry"],"yoast_head":"<!-- This site is optimized with the Yoast SEO plugin v27.4 - https:\/\/yoast.com\/product\/yoast-seo-wordpress\/ -->\n<title>Organiza\u00e7\u00e3o - ACTDRIVER<\/title>\n<meta name=\"robots\" content=\"index, follow, max-snippet:-1, max-image-preview:large, max-video-preview:-1\" \/>\n<link rel=\"canonical\" href=\"https:\/\/actdriver.com.br\/en\/organizacao\/\" \/>\n<meta property=\"og:locale\" content=\"en_US\" \/>\n<meta property=\"og:type\" content=\"article\" \/>\n<meta property=\"og:title\" content=\"Organiza\u00e7\u00e3o - ACTDRIVER\" \/>\n<meta property=\"og:description\" content=\"A ACTDRIVER \u00e9 uma organiza\u00e7\u00e3o criada para integrar pequenas Associa\u00e7\u00f5es e Cooperativas de transporte aos sistemas online de Mobilidade Urbana, perminto que qualquer motorista associado a essas organiza\u00e7\u00f5es acessem o aplicativo online com o menor custo poss\u00edvel. Para ser nosso parceiro, entre em contato conosco para mais detalhes.\" \/>\n<meta property=\"og:url\" content=\"https:\/\/actdriver.com.br\/en\/organizacao\/\" \/>\n<meta property=\"og:site_name\" content=\"ACTDRIVER\" \/>\n<meta property=\"article:modified_time\" content=\"2023-06-03T20:43:54+00:00\" \/>\n<meta property=\"og:image\" content=\"https:\/\/actdriver.com.br\/wp-content\/uploads\/2023\/03\/LOGO-ACTDRIVER-MINI.png\" \/>\n\t<meta property=\"og:image:width\" content=\"232\" \/>\n\t<meta property=\"og:image:height\" content=\"120\" \/>\n\t<meta property=\"og:image:type\" content=\"image\/png\" \/>\n<meta name=\"twitter:card\" content=\"summary_large_image\" \/>\n<script type=\"application\/ld+json\" class=\"yoast-schema-graph\">{\"@context\":\"https:\\\/\\\/schema.org\",\"@graph\":[{\"@type\":\"WebPage\",\"@id\":\"https:\\\/\\\/actdriver.com.br\\\/en\\\/organizacao\\\/\",\"url\":\"https:\\\/\\\/actdriver.com.br\\\/en\\\/organizacao\\\/\",\"name\":\"Organiza\u00e7\u00e3o - ACTDRIVER\",\"isPartOf\":{\"@id\":\"https:\\\/\\\/actdriver.com.br\\\/#website\"},\"primaryImageOfPage\":{\"@id\":\"https:\\\/\\\/actdriver.com.br\\\/en\\\/organizacao\\\/#primaryimage\"},\"image\":{\"@id\":\"https:\\\/\\\/actdriver.com.br\\\/en\\\/organizacao\\\/#primaryimage\"},\"thumbnailUrl\":\"https:\\\/\\\/actdriver.com.br\\\/wp-content\\\/uploads\\\/2023\\\/03\\\/LOGO-ACTDRIVER-MINI.png\",\"datePublished\":\"2023-03-25T13:52:04+00:00\",\"dateModified\":\"2023-06-03T20:43:54+00:00\",\"breadcrumb\":{\"@id\":\"https:\\\/\\\/actdriver.com.br\\\/en\\\/organizacao\\\/#breadcrumb\"},\"inLanguage\":\"en-US\",\"potentialAction\":[{\"@type\":\"ReadAction\",\"target\":[\"https:\\\/\\\/actdriver.com.br\\\/en\\\/organizacao\\\/\"]}]},{\"@type\":\"ImageObject\",\"inLanguage\":\"en-US\",\"@id\":\"https:\\\/\\\/actdriver.com.br\\\/en\\\/organizacao\\\/#primaryimage\",\"url\":\"https:\\\/\\\/actdriver.com.br\\\/wp-content\\\/uploads\\\/2023\\\/03\\\/LOGO-ACTDRIVER-MINI.png\",\"contentUrl\":\"https:\\\/\\\/actdriver.com.br\\\/wp-content\\\/uploads\\\/2023\\\/03\\\/LOGO-ACTDRIVER-MINI.png\",\"width\":232,\"height\":120},{\"@type\":\"BreadcrumbList\",\"@id\":\"https:\\\/\\\/actdriver.com.br\\\/en\\\/organizacao\\\/#breadcrumb\",\"itemListElement\":[{\"@type\":\"ListItem\",\"position\":1,\"name\":\"In\u00edcio\",\"item\":\"https:\\\/\\\/actdriver.com.br\\\/\"},{\"@type\":\"ListItem\",\"position\":2,\"name\":\"Organiza\u00e7\u00e3o\"}]},{\"@type\":\"WebSite\",\"@id\":\"https:\\\/\\\/actdriver.com.br\\\/#website\",\"url\":\"https:\\\/\\\/actdriver.com.br\\\/\",\"name\":\"ACTDRIVER\",\"description\":\"Sistemas Web e Aplicativos\",\"publisher\":{\"@id\":\"https:\\\/\\\/actdriver.com.br\\\/#organization\"},\"potentialAction\":[{\"@type\":\"SearchAction\",\"target\":{\"@type\":\"EntryPoint\",\"urlTemplate\":\"https:\\\/\\\/actdriver.com.br\\\/?s={search_term_string}\"},\"query-input\":{\"@type\":\"PropertyValueSpecification\",\"valueRequired\":true,\"valueName\":\"search_term_string\"}}],\"inLanguage\":\"en-US\"},{\"@type\":\"Organization\",\"@id\":\"https:\\\/\\\/actdriver.com.br\\\/#organization\",\"name\":\"ACTDRIVER\",\"alternateName\":\"ACTDRIVER TECNOLOGIA\",\"url\":\"https:\\\/\\\/actdriver.com.br\\\/\",\"logo\":{\"@type\":\"ImageObject\",\"inLanguage\":\"en-US\",\"@id\":\"https:\\\/\\\/actdriver.com.br\\\/#\\\/schema\\\/logo\\\/image\\\/\",\"url\":\"https:\\\/\\\/actdriver.com.br\\\/wp-content\\\/uploads\\\/2023\\\/12\\\/ICONE-2.png\",\"contentUrl\":\"https:\\\/\\\/actdriver.com.br\\\/wp-content\\\/uploads\\\/2023\\\/12\\\/ICONE-2.png\",\"width\":1024,\"height\":1024,\"caption\":\"ACTDRIVER\"},\"image\":{\"@id\":\"https:\\\/\\\/actdriver.com.br\\\/#\\\/schema\\\/logo\\\/image\\\/\"},\"sameAs\":[\"https:\\\/\\\/www.instagram.com\\\/actdriverapp\\\/\"]}]}<\/script>\n<!-- \/ Yoast SEO plugin. -->","yoast_head_json":{"title":"Organization - ACTDRIVER","robots":{"index":"index","follow":"follow","max-snippet":"max-snippet:-1","max-image-preview":"max-image-preview:large","max-video-preview":"max-video-preview:-1"},"canonical":"https:\/\/actdriver.com.br\/en\/organizacao\/","og_locale":"en_US","og_type":"article","og_title":"Organiza\u00e7\u00e3o - ACTDRIVER","og_description":"A ACTDRIVER \u00e9 uma organiza\u00e7\u00e3o criada para integrar pequenas Associa\u00e7\u00f5es e Cooperativas de transporte aos sistemas online de Mobilidade Urbana, perminto que qualquer motorista associado a essas organiza\u00e7\u00f5es acessem o aplicativo online com o menor custo poss\u00edvel. Para ser nosso parceiro, entre em contato conosco para mais detalhes.","og_url":"https:\/\/actdriver.com.br\/en\/organizacao\/","og_site_name":"ACTDRIVER","article_modified_time":"2023-06-03T20:43:54+00:00","og_image":[{"width":232,"height":120,"url":"https:\/\/actdriver.com.br\/wp-content\/uploads\/2023\/03\/LOGO-ACTDRIVER-MINI.png","type":"image\/png"}],"twitter_card":"summary_large_image","schema":{"@context":"https:\/\/schema.org","@graph":[{"@type":"WebPage","@id":"https:\/\/actdriver.com.br\/en\/organizacao\/","url":"https:\/\/actdriver.com.br\/en\/organizacao\/","name":"Organization - ACTDRIVER","isPartOf":{"@id":"https:\/\/actdriver.com.br\/#website"},"primaryImageOfPage":{"@id":"https:\/\/actdriver.com.br\/en\/organizacao\/#primaryimage"},"image":{"@id":"https:\/\/actdriver.com.br\/en\/organizacao\/#primaryimage"},"thumbnailUrl":"https:\/\/actdriver.com.br\/wp-content\/uploads\/2023\/03\/LOGO-ACTDRIVER-MINI.png","datePublished":"2023-03-25T13:52:04+00:00","dateModified":"2023-06-03T20:43:54+00:00","breadcrumb":{"@id":"https:\/\/actdriver.com.br\/en\/organizacao\/#breadcrumb"},"inLanguage":"en-US","potentialAction":[{"@type":"ReadAction","target":["https:\/\/actdriver.com.br\/en\/organizacao\/"]}]},{"@type":"ImageObject","inLanguage":"en-US","@id":"https:\/\/actdriver.com.br\/en\/organizacao\/#primaryimage","url":"https:\/\/actdriver.com.br\/wp-content\/uploads\/2023\/03\/LOGO-ACTDRIVER-MINI.png","contentUrl":"https:\/\/actdriver.com.br\/wp-content\/uploads\/2023\/03\/LOGO-ACTDRIVER-MINI.png","width":232,"height":120},{"@type":"BreadcrumbList","@id":"https:\/\/actdriver.com.br\/en\/organizacao\/#breadcrumb","itemListElement":[{"@type":"ListItem","position":1,"name":"In\u00edcio","item":"https:\/\/actdriver.com.br\/"},{"@type":"ListItem","position":2,"name":"Organiza\u00e7\u00e3o"}]},{"@type":"WebSite","@id":"https:\/\/actdriver.com.br\/#website","url":"https:\/\/actdriver.com.br\/","name":"ACTDRIVER","description":"Web Systems and Applications","publisher":{"@id":"https:\/\/actdriver.com.br\/#organization"},"potentialAction":[{"@type":"SearchAction","target":{"@type":"EntryPoint","urlTemplate":"https:\/\/actdriver.com.br\/?s={search_term_string}"},"query-input":{"@type":"PropertyValueSpecification","valueRequired":true,"valueName":"search_term_string"}}],"inLanguage":"en-US"},{"@type":"Organization","@id":"https:\/\/actdriver.com.br\/#organization","name":"ACTDRIVER","alternateName":"ACTDRIVER TECNOLOGIA","url":"https:\/\/actdriver.com.br\/","logo":{"@type":"ImageObject","inLanguage":"en-US","@id":"https:\/\/actdriver.com.br\/#\/schema\/logo\/image\/","url":"https:\/\/actdriver.com.br\/wp-content\/uploads\/2023\/12\/ICONE-2.png","contentUrl":"https:\/\/actdriver.com.br\/wp-content\/uploads\/2023\/12\/ICONE-2.png","width":1024,"height":1024,"caption":"ACTDRIVER"},"image":{"@id":"https:\/\/actdriver.com.br\/#\/schema\/logo\/image\/"},"sameAs":["https:\/\/www.instagram.com\/actdriverapp\/"]}]}},"_links":{"self":[{"href":"https:\/\/actdriver.com.br\/en\/wp-json\/wp\/v2\/pages\/396","targetHints":{"allow":["GET"]}}],"collection":[{"href":"https:\/\/actdriver.com.br\/en\/wp-json\/wp\/v2\/pages"}],"about":[{"href":"https:\/\/actdriver.com.br\/en\/wp-json\/wp\/v2\/types\/page"}],"author":[{"embeddable":true,"href":"https:\/\/actdriver.com.br\/en\/wp-json\/wp\/v2\/users\/1"}],"replies":[{"embeddable":true,"href":"https:\/\/actdriver.com.br\/en\/wp-json\/wp\/v2\/comments?post=396"}],"version-history":[{"count":2,"href":"https:\/\/actdriver.com.br\/en\/wp-json\/wp\/v2\/pages\/396\/revisions"}],"predecessor-version":[{"id":445,"href":"https:\/\/actdriver.com.br\/en\/wp-json\/wp\/v2\/pages\/396\/revisions\/445"}],"wp:featuredmedia":[{"embeddable":true,"href":"https:\/\/actdriver.com.br\/en\/wp-json\/wp\/v2\/media\/353"}],"wp:attachment":[{"href":"https:\/\/actdriver.com.br\/en\/wp-json\/wp\/v2\/media?parent=396"}],"curies":[{"name":"wp","href":"https:\/\/api.w.org\/{rel}","templated":true}]}}