{"id":357,"date":"2023-03-25T10:19:44","date_gmt":"2023-03-25T13:19:44","guid":{"rendered":"https:\/\/actdriver.com.br\/?page_id=357"},"modified":"2023-03-25T10:49:23","modified_gmt":"2023-03-25T13:49:23","slug":"actriver","status":"publish","type":"page","link":"http:\/\/actdriver.com.br\/en\/actriver\/","title":{"rendered":"ACTRIVER"},"content":{"rendered":"<div class=\"wp-block-image\">\n<figure class=\"aligncenter size-full\"><img decoding=\"async\" width=\"232\" height=\"120\" src=\"http:\/\/actdriver.com.br\/wp-content\/uploads\/2023\/03\/LOGO-ACTDRIVER-MINI.png\" alt=\"\" class=\"wp-image-353\" srcset=\"http:\/\/actdriver.com.br\/wp-content\/uploads\/2023\/03\/LOGO-ACTDRIVER-MINI.png 232w, http:\/\/actdriver.com.br\/wp-content\/uploads\/2023\/03\/LOGO-ACTDRIVER-MINI-18x9.png 18w\" sizes=\"(max-width: 232px) 100vw, 232px\" \/><\/figure>\n<\/div>\n\n\n<p>ACTDRIVER is an application developed with a focus on small transport associations or cooperatives aimed at cities that have a deficit in public transport, the application allows users and drivers to make transport requests through <em>Smartphones<\/em> with Android operating system.<\/p>\n\n\n\n<p>It is possible to carry out <em>Download<\/em> of the Application through the following links.<\/p>\n\n\n\n<div class=\"wp-block-buttons is-layout-flex wp-block-buttons-is-layout-flex\">\n<div class=\"wp-block-button is-style-fill\"><a class=\"wp-block-button__link has-black-color has-light-green-cyan-background-color has-text-color has-background wp-element-button\" href=\"https:\/\/play.google.com\/store\/apps\/details?id=org.actcvac.actdriver\" style=\"border-radius:15px\" target=\"_blank\" rel=\"noreferrer noopener\">ACTDRIVER CLIENT<\/a><\/div>\n\n\n\n<div class=\"wp-block-button is-style-fill\"><a class=\"wp-block-button__link has-black-color has-vivid-green-cyan-background-color has-text-color has-background wp-element-button\" href=\"https:\/\/play.google.com\/store\/apps\/details?id=org.actdrivermotor\" style=\"border-radius:15px\" target=\"_blank\" rel=\"noreferrer noopener\">ACTDRIVER DRIVER<\/a><\/div>\n<\/div>\n\n\n\n<p><\/p>","protected":false},"excerpt":{"rendered":"<p>ACTDRIVER is an application developed with a focus on small transport associations or cooperatives in cities with a deficit in public transport. The application allows users and drivers to request transport through smartphones with the Android operating system. The application can be downloaded via the following links.<\/p>","protected":false},"author":1,"featured_media":353,"parent":0,"menu_order":0,"comment_status":"closed","ping_status":"closed","template":"","meta":{"footnotes":""},"class_list":["post-357","page","type-page","status-publish","has-post-thumbnail","hentry"],"yoast_head":"<!-- This site is optimized with the Yoast SEO plugin v27.5 - https:\/\/yoast.com\/product\/yoast-seo-wordpress\/ -->\n<title>ACTRIVER - ACTDRIVER<\/title>\n<meta name=\"robots\" content=\"index, follow, max-snippet:-1, max-image-preview:large, max-video-preview:-1\" \/>\n<link rel=\"canonical\" href=\"https:\/\/actdriver.com.br\/en\/actriver\/\" \/>\n<meta property=\"og:locale\" content=\"en_US\" \/>\n<meta property=\"og:type\" content=\"article\" \/>\n<meta property=\"og:title\" content=\"ACTRIVER - ACTDRIVER\" \/>\n<meta property=\"og:description\" content=\"O ACTDRIVER \u00e9 um aplicativo desenvolvido com foco em pequenas Associa\u00e7\u00f5es ou Coopertativas de transporte voltados para cidades que possuem deficit em transporte p\u00fablico, o aplicativo permite que usu\u00e1rios e motoristas realizem solicita\u00e7\u00f5es de transporte atrav\u00e9s de Smartphones com sistema operancional Android. \u00c9 poss\u00edvel realizar o Download do Aplicativo atrav\u00e9s dos seguintes links.\" \/>\n<meta property=\"og:url\" content=\"https:\/\/actdriver.com.br\/en\/actriver\/\" \/>\n<meta property=\"og:site_name\" content=\"ACTDRIVER\" \/>\n<meta property=\"article:modified_time\" content=\"2023-03-25T13:49:23+00:00\" \/>\n<meta property=\"og:image\" content=\"https:\/\/actdriver.com.br\/wp-content\/uploads\/2023\/03\/LOGO-ACTDRIVER-MINI.png\" \/>\n\t<meta property=\"og:image:width\" content=\"232\" \/>\n\t<meta property=\"og:image:height\" content=\"120\" \/>\n\t<meta property=\"og:image:type\" content=\"image\/png\" \/>\n<meta name=\"twitter:card\" content=\"summary_large_image\" \/>\n<script type=\"application\/ld+json\" class=\"yoast-schema-graph\">{\"@context\":\"https:\\\/\\\/schema.org\",\"@graph\":[{\"@type\":\"WebPage\",\"@id\":\"https:\\\/\\\/actdriver.com.br\\\/en\\\/actriver\\\/\",\"url\":\"https:\\\/\\\/actdriver.com.br\\\/en\\\/actriver\\\/\",\"name\":\"ACTRIVER - ACTDRIVER\",\"isPartOf\":{\"@id\":\"https:\\\/\\\/actdriver.com.br\\\/#website\"},\"primaryImageOfPage\":{\"@id\":\"https:\\\/\\\/actdriver.com.br\\\/en\\\/actriver\\\/#primaryimage\"},\"image\":{\"@id\":\"https:\\\/\\\/actdriver.com.br\\\/en\\\/actriver\\\/#primaryimage\"},\"thumbnailUrl\":\"http:\\\/\\\/actdriver.com.br\\\/wp-content\\\/uploads\\\/2023\\\/03\\\/LOGO-ACTDRIVER-MINI.png\",\"datePublished\":\"2023-03-25T13:19:44+00:00\",\"dateModified\":\"2023-03-25T13:49:23+00:00\",\"breadcrumb\":{\"@id\":\"https:\\\/\\\/actdriver.com.br\\\/en\\\/actriver\\\/#breadcrumb\"},\"inLanguage\":\"en-US\",\"potentialAction\":[{\"@type\":\"ReadAction\",\"target\":[\"https:\\\/\\\/actdriver.com.br\\\/en\\\/actriver\\\/\"]}]},{\"@type\":\"ImageObject\",\"inLanguage\":\"en-US\",\"@id\":\"https:\\\/\\\/actdriver.com.br\\\/en\\\/actriver\\\/#primaryimage\",\"url\":\"http:\\\/\\\/actdriver.com.br\\\/wp-content\\\/uploads\\\/2023\\\/03\\\/LOGO-ACTDRIVER-MINI.png\",\"contentUrl\":\"http:\\\/\\\/actdriver.com.br\\\/wp-content\\\/uploads\\\/2023\\\/03\\\/LOGO-ACTDRIVER-MINI.png\",\"width\":232,\"height\":120},{\"@type\":\"BreadcrumbList\",\"@id\":\"https:\\\/\\\/actdriver.com.br\\\/en\\\/actriver\\\/#breadcrumb\",\"itemListElement\":[{\"@type\":\"ListItem\",\"position\":1,\"name\":\"In\u00edcio\",\"item\":\"https:\\\/\\\/actdriver.com.br\\\/\"},{\"@type\":\"ListItem\",\"position\":2,\"name\":\"ACTRIVER\"}]},{\"@type\":\"WebSite\",\"@id\":\"https:\\\/\\\/actdriver.com.br\\\/#website\",\"url\":\"https:\\\/\\\/actdriver.com.br\\\/\",\"name\":\"ACTDRIVER\",\"description\":\"Sistemas Web e Aplicativos\",\"publisher\":{\"@id\":\"https:\\\/\\\/actdriver.com.br\\\/#organization\"},\"potentialAction\":[{\"@type\":\"SearchAction\",\"target\":{\"@type\":\"EntryPoint\",\"urlTemplate\":\"https:\\\/\\\/actdriver.com.br\\\/?s={search_term_string}\"},\"query-input\":{\"@type\":\"PropertyValueSpecification\",\"valueRequired\":true,\"valueName\":\"search_term_string\"}}],\"inLanguage\":\"en-US\"},{\"@type\":\"Organization\",\"@id\":\"https:\\\/\\\/actdriver.com.br\\\/#organization\",\"name\":\"ACTDRIVER\",\"alternateName\":\"ACTDRIVER TECNOLOGIA\",\"url\":\"https:\\\/\\\/actdriver.com.br\\\/\",\"logo\":{\"@type\":\"ImageObject\",\"inLanguage\":\"en-US\",\"@id\":\"https:\\\/\\\/actdriver.com.br\\\/#\\\/schema\\\/logo\\\/image\\\/\",\"url\":\"http:\\\/\\\/actdriver.com.br\\\/wp-content\\\/uploads\\\/2023\\\/12\\\/ICONE-2.png\",\"contentUrl\":\"http:\\\/\\\/actdriver.com.br\\\/wp-content\\\/uploads\\\/2023\\\/12\\\/ICONE-2.png\",\"width\":1024,\"height\":1024,\"caption\":\"ACTDRIVER\"},\"image\":{\"@id\":\"https:\\\/\\\/actdriver.com.br\\\/#\\\/schema\\\/logo\\\/image\\\/\"},\"sameAs\":[\"https:\\\/\\\/www.instagram.com\\\/actdriverapp\\\/\"]}]}<\/script>\n<!-- \/ Yoast SEO plugin. -->","yoast_head_json":{"title":"ACTRIVER - ACTDRIVER","robots":{"index":"index","follow":"follow","max-snippet":"max-snippet:-1","max-image-preview":"max-image-preview:large","max-video-preview":"max-video-preview:-1"},"canonical":"https:\/\/actdriver.com.br\/en\/actriver\/","og_locale":"en_US","og_type":"article","og_title":"ACTRIVER - ACTDRIVER","og_description":"O ACTDRIVER \u00e9 um aplicativo desenvolvido com foco em pequenas Associa\u00e7\u00f5es ou Coopertativas de transporte voltados para cidades que possuem deficit em transporte p\u00fablico, o aplicativo permite que usu\u00e1rios e motoristas realizem solicita\u00e7\u00f5es de transporte atrav\u00e9s de Smartphones com sistema operancional Android. \u00c9 poss\u00edvel realizar o Download do Aplicativo atrav\u00e9s dos seguintes links.","og_url":"https:\/\/actdriver.com.br\/en\/actriver\/","og_site_name":"ACTDRIVER","article_modified_time":"2023-03-25T13:49:23+00:00","og_image":[{"width":232,"height":120,"url":"https:\/\/actdriver.com.br\/wp-content\/uploads\/2023\/03\/LOGO-ACTDRIVER-MINI.png","type":"image\/png"}],"twitter_card":"summary_large_image","schema":{"@context":"https:\/\/schema.org","@graph":[{"@type":"WebPage","@id":"https:\/\/actdriver.com.br\/en\/actriver\/","url":"https:\/\/actdriver.com.br\/en\/actriver\/","name":"ACTRIVER - ACTDRIVER","isPartOf":{"@id":"https:\/\/actdriver.com.br\/#website"},"primaryImageOfPage":{"@id":"https:\/\/actdriver.com.br\/en\/actriver\/#primaryimage"},"image":{"@id":"https:\/\/actdriver.com.br\/en\/actriver\/#primaryimage"},"thumbnailUrl":"http:\/\/actdriver.com.br\/wp-content\/uploads\/2023\/03\/LOGO-ACTDRIVER-MINI.png","datePublished":"2023-03-25T13:19:44+00:00","dateModified":"2023-03-25T13:49:23+00:00","breadcrumb":{"@id":"https:\/\/actdriver.com.br\/en\/actriver\/#breadcrumb"},"inLanguage":"en-US","potentialAction":[{"@type":"ReadAction","target":["https:\/\/actdriver.com.br\/en\/actriver\/"]}]},{"@type":"ImageObject","inLanguage":"en-US","@id":"https:\/\/actdriver.com.br\/en\/actriver\/#primaryimage","url":"http:\/\/actdriver.com.br\/wp-content\/uploads\/2023\/03\/LOGO-ACTDRIVER-MINI.png","contentUrl":"http:\/\/actdriver.com.br\/wp-content\/uploads\/2023\/03\/LOGO-ACTDRIVER-MINI.png","width":232,"height":120},{"@type":"BreadcrumbList","@id":"https:\/\/actdriver.com.br\/en\/actriver\/#breadcrumb","itemListElement":[{"@type":"ListItem","position":1,"name":"In\u00edcio","item":"https:\/\/actdriver.com.br\/"},{"@type":"ListItem","position":2,"name":"ACTRIVER"}]},{"@type":"WebSite","@id":"https:\/\/actdriver.com.br\/#website","url":"https:\/\/actdriver.com.br\/","name":"ACTDRIVER","description":"Web Systems and Applications","publisher":{"@id":"https:\/\/actdriver.com.br\/#organization"},"potentialAction":[{"@type":"SearchAction","target":{"@type":"EntryPoint","urlTemplate":"https:\/\/actdriver.com.br\/?s={search_term_string}"},"query-input":{"@type":"PropertyValueSpecification","valueRequired":true,"valueName":"search_term_string"}}],"inLanguage":"en-US"},{"@type":"Organization","@id":"https:\/\/actdriver.com.br\/#organization","name":"ACTDRIVER","alternateName":"ACTDRIVER TECNOLOGIA","url":"https:\/\/actdriver.com.br\/","logo":{"@type":"ImageObject","inLanguage":"en-US","@id":"https:\/\/actdriver.com.br\/#\/schema\/logo\/image\/","url":"http:\/\/actdriver.com.br\/wp-content\/uploads\/2023\/12\/ICONE-2.png","contentUrl":"http:\/\/actdriver.com.br\/wp-content\/uploads\/2023\/12\/ICONE-2.png","width":1024,"height":1024,"caption":"ACTDRIVER"},"image":{"@id":"https:\/\/actdriver.com.br\/#\/schema\/logo\/image\/"},"sameAs":["https:\/\/www.instagram.com\/actdriverapp\/"]}]}},"_links":{"self":[{"href":"http:\/\/actdriver.com.br\/en\/wp-json\/wp\/v2\/pages\/357","targetHints":{"allow":["GET"]}}],"collection":[{"href":"http:\/\/actdriver.com.br\/en\/wp-json\/wp\/v2\/pages"}],"about":[{"href":"http:\/\/actdriver.com.br\/en\/wp-json\/wp\/v2\/types\/page"}],"author":[{"embeddable":true,"href":"http:\/\/actdriver.com.br\/en\/wp-json\/wp\/v2\/users\/1"}],"replies":[{"embeddable":true,"href":"http:\/\/actdriver.com.br\/en\/wp-json\/wp\/v2\/comments?post=357"}],"version-history":[{"count":3,"href":"http:\/\/actdriver.com.br\/en\/wp-json\/wp\/v2\/pages\/357\/revisions"}],"predecessor-version":[{"id":360,"href":"http:\/\/actdriver.com.br\/en\/wp-json\/wp\/v2\/pages\/357\/revisions\/360"}],"wp:featuredmedia":[{"embeddable":true,"href":"http:\/\/actdriver.com.br\/en\/wp-json\/wp\/v2\/media\/353"}],"wp:attachment":[{"href":"http:\/\/actdriver.com.br\/en\/wp-json\/wp\/v2\/media?parent=357"}],"curies":[{"name":"wp","href":"https:\/\/api.w.org\/{rel}","templated":true}]}}